{"id":53,"date":"2023-03-09T17:28:59","date_gmt":"2023-03-09T17:28:59","guid":{"rendered":"https:\/\/latamfinance.com.mx\/?page_id=53"},"modified":"2024-03-27T02:55:32","modified_gmt":"2024-03-27T02:55:32","slug":"quienes-somos","status":"publish","type":"page","link":"https:\/\/latamfinance.com.mx\/?page_id=53","title":{"rendered":"Qui\u00e9nes somos"},"content":{"rendered":"\t\t<div data-elementor-type=\"wp-page\" data-elementor-id=\"53\" class=\"elementor elementor-53\">\n\t\t\t\t\t\t\t\t\t<section class=\"elementor-section elementor-top-section elementor-element elementor-element-18f8dd3c elementor-section-full_width elementor-section-height-default elementor-section-height-default\" data-id=\"18f8dd3c\" data-element_type=\"section\">\n\t\t\t\t\t\t<div class=\"elementor-container elementor-column-gap-no\">\n\t\t\t\t\t<div class=\"elementor-column elementor-col-33 elementor-top-column elementor-element elementor-element-6e28aa3a\" data-id=\"6e28aa3a\" data-element_type=\"column\" data-settings=\"{&quot;background_background&quot;:&quot;classic&quot;}\">\n\t\t\t<div class=\"elementor-widget-wrap elementor-element-populated\">\n\t\t\t\t\t\t\t\t<div class=\"elementor-element elementor-element-6f5baa69 elementor-widget elementor-widget-image\" data-id=\"6f5baa69\" data-element_type=\"widget\" data-widget_type=\"image.default\">\n\t\t\t\t<div class=\"elementor-widget-container\">\n\t\t\t<style>\/*! elementor - v3.11.2 - 22-02-2023 *\/\n.elementor-widget-image{text-align:center}.elementor-widget-image a{display:inline-block}.elementor-widget-image a img[src$=\".svg\"]{width:48px}.elementor-widget-image img{vertical-align:middle;display:inline-block}<\/style>\t\t\t\t\t\t\t\t\t\t\t\t<img width=\"800\" height=\"143\" src=\"https:\/\/latamfinance.com.mx\/wp-content\/uploads\/2023\/03\/logo-LATAM-1024x183.png\" class=\"attachment-large size-large wp-image-78\" alt=\"\" decoding=\"async\" loading=\"lazy\" srcset=\"https:\/\/latamfinance.com.mx\/wp-content\/uploads\/2023\/03\/logo-LATAM-1024x183.png 1024w, https:\/\/latamfinance.com.mx\/wp-content\/uploads\/2023\/03\/logo-LATAM-300x54.png 300w, https:\/\/latamfinance.com.mx\/wp-content\/uploads\/2023\/03\/logo-LATAM-768x137.png 768w, https:\/\/latamfinance.com.mx\/wp-content\/uploads\/2023\/03\/logo-LATAM.png 1052w\" sizes=\"(max-width: 800px) 100vw, 800px\" \/>\t\t\t\t\t\t\t\t\t\t\t\t\t\t\t<\/div>\n\t\t\t\t<\/div>\n\t\t\t\t\t<\/div>\n\t\t<\/div>\n\t\t\t\t<div class=\"elementor-column elementor-col-33 elementor-top-column elementor-element elementor-element-5cd6ec4b\" data-id=\"5cd6ec4b\" data-element_type=\"column\">\n\t\t\t<div class=\"elementor-widget-wrap elementor-element-populated\">\n\t\t\t\t\t\t\t\t<div class=\"elementor-element elementor-element-1695c421 elementor-widget elementor-widget-jkit_nav_menu\" data-id=\"1695c421\" data-element_type=\"widget\" data-widget_type=\"jkit_nav_menu.default\">\n\t\t\t\t<div class=\"elementor-widget-container\">\n\t\t\t<div  class=\"jeg-elementor-kit jkit-nav-menu break-point-mobile submenu-click-title jeg_module___69e60587a408a\"  data-item-indicator=\"&lt;i aria-hidden=&quot;true&quot; class=&quot;fas fa-angle-down&quot;&gt;&lt;\/i&gt;\"><button class=\"jkit-hamburger-menu\"><i aria-hidden=\"true\" class=\"fas fa-bars\"><\/i><\/button>\n        <div class=\"jkit-menu-wrapper\"><div class=\"jkit-menu-container\"><ul id=\"menu-main-menu\" class=\"jkit-menu jkit-menu-direction-flex jkit-submenu-position-top\"><li id=\"menu-item-70\" class=\"menu-item menu-item-type-post_type menu-item-object-page menu-item-home menu-item-70\"><a href=\"https:\/\/latamfinance.com.mx\/\">Inicio<\/a><\/li>\n<li id=\"menu-item-69\" class=\"menu-item menu-item-type-post_type menu-item-object-page menu-item-69\"><a href=\"https:\/\/latamfinance.com.mx\/?page_id=53\">Qui\u00e9nes somos<\/a><\/li>\n<li id=\"menu-item-585\" class=\"menu-item menu-item-type-post_type menu-item-object-page menu-item-585\"><a href=\"https:\/\/latamfinance.com.mx\/?page_id=578\">Nosotros<\/a><\/li>\n<li id=\"menu-item-68\" class=\"menu-item menu-item-type-post_type menu-item-object-page menu-item-68\"><a href=\"https:\/\/latamfinance.com.mx\/?page_id=55\">Servicios<\/a><\/li>\n<li id=\"menu-item-634\" class=\"menu-item menu-item-type-post_type menu-item-object-page menu-item-634\"><a href=\"https:\/\/latamfinance.com.mx\/?page_id=625\">Socios Estrat\u00e9gicos<\/a><\/li>\n<li id=\"menu-item-462\" class=\"menu-item menu-item-type-post_type menu-item-object-page menu-item-462\"><a href=\"https:\/\/latamfinance.com.mx\/?page_id=443\">Contacto<\/a><\/li>\n<\/ul><\/div>\n            <div class=\"jkit-nav-identity-panel\">\n                <div class=\"jkit-nav-site-title\"><a href=\"https:\/\/latamfinance.com.mx\" class=\"jkit-nav-logo\"><img decoding=\"async\" src=\"https:\/\/latamfinance.com.mx\/wp-content\/uploads\/2023\/03\/logo-LATAM-1024x183.png\" ><\/a><\/div>\n                <button class=\"jkit-close-menu\"><i aria-hidden=\"true\" class=\"fas fa-times\"><\/i><\/button>\n            <\/div>\n        <\/div>\n        <div class=\"jkit-overlay\"><\/div><\/div>\t\t<\/div>\n\t\t\t\t<\/div>\n\t\t\t\t\t<\/div>\n\t\t<\/div>\n\t\t\t\t<div class=\"elementor-column elementor-col-33 elementor-top-column elementor-element elementor-element-3a9349bf elementor-hidden-tablet elementor-hidden-phone\" data-id=\"3a9349bf\" data-element_type=\"column\">\n\t\t\t<div class=\"elementor-widget-wrap\">\n\t\t\t\t\t\t\t\t\t<\/div>\n\t\t<\/div>\n\t\t\t\t\t\t\t<\/div>\n\t\t<\/section>\n\t\t\t\t<section class=\"elementor-section elementor-top-section elementor-element elementor-element-66476b93 elementor-section-boxed elementor-section-height-default elementor-section-height-default\" data-id=\"66476b93\" data-element_type=\"section\" data-settings=\"{&quot;background_background&quot;:&quot;classic&quot;}\">\n\t\t\t\t\t\t\t<div class=\"elementor-background-overlay\"><\/div>\n\t\t\t\t\t\t\t<div class=\"elementor-container elementor-column-gap-default\">\n\t\t\t\t\t<div class=\"elementor-column elementor-col-100 elementor-top-column elementor-element elementor-element-c42f27f elementor-invisible\" data-id=\"c42f27f\" data-element_type=\"column\" data-settings=\"{&quot;animation&quot;:&quot;fadeInRight&quot;}\">\n\t\t\t<div class=\"elementor-widget-wrap elementor-element-populated\">\n\t\t\t\t\t\t\t\t<div class=\"elementor-element elementor-element-2317d72 elementor-widget elementor-widget-heading\" data-id=\"2317d72\" data-element_type=\"widget\" data-widget_type=\"heading.default\">\n\t\t\t\t<div class=\"elementor-widget-container\">\n\t\t\t<style>\/*! elementor - v3.11.2 - 22-02-2023 *\/\n.elementor-heading-title{padding:0;margin:0;line-height:1}.elementor-widget-heading .elementor-heading-title[class*=elementor-size-]>a{color:inherit;font-size:inherit;line-height:inherit}.elementor-widget-heading .elementor-heading-title.elementor-size-small{font-size:15px}.elementor-widget-heading .elementor-heading-title.elementor-size-medium{font-size:19px}.elementor-widget-heading .elementor-heading-title.elementor-size-large{font-size:29px}.elementor-widget-heading .elementor-heading-title.elementor-size-xl{font-size:39px}.elementor-widget-heading .elementor-heading-title.elementor-size-xxl{font-size:59px}<\/style><h1 class=\"elementor-heading-title elementor-size-default\">Qui\u00e9nes somos<\/h1>\t\t<\/div>\n\t\t\t\t<\/div>\n\t\t\t\t<div class=\"elementor-element elementor-element-273eebf3 elementor-widget elementor-widget-text-editor\" data-id=\"273eebf3\" data-element_type=\"widget\" data-widget_type=\"text-editor.default\">\n\t\t\t\t<div class=\"elementor-widget-container\">\n\t\t\t<style>\/*! elementor - v3.11.2 - 22-02-2023 *\/\n.elementor-widget-text-editor.elementor-drop-cap-view-stacked .elementor-drop-cap{background-color:#818a91;color:#fff}.elementor-widget-text-editor.elementor-drop-cap-view-framed .elementor-drop-cap{color:#818a91;border:3px solid;background-color:transparent}.elementor-widget-text-editor:not(.elementor-drop-cap-view-default) .elementor-drop-cap{margin-top:8px}.elementor-widget-text-editor:not(.elementor-drop-cap-view-default) .elementor-drop-cap-letter{width:1em;height:1em}.elementor-widget-text-editor .elementor-drop-cap{float:left;text-align:center;line-height:1;font-size:50px}.elementor-widget-text-editor .elementor-drop-cap-letter{display:inline-block}<\/style>\t\t\t\t\t\t\t\t\t\t<\/div>\n\t\t\t\t<\/div>\n\t\t\t\t\t<\/div>\n\t\t<\/div>\n\t\t\t\t\t\t\t<\/div>\n\t\t<\/section>\n\t\t\t\t<section class=\"elementor-section elementor-top-section elementor-element elementor-element-19c56c53 elementor-section-boxed elementor-section-height-default elementor-section-height-default\" data-id=\"19c56c53\" data-element_type=\"section\" data-settings=\"{&quot;background_background&quot;:&quot;classic&quot;}\">\n\t\t\t\t\t\t<div class=\"elementor-container elementor-column-gap-default\">\n\t\t\t\t\t<div class=\"elementor-column elementor-col-50 elementor-top-column elementor-element elementor-element-7c5a43ee\" data-id=\"7c5a43ee\" data-element_type=\"column\">\n\t\t\t<div class=\"elementor-widget-wrap elementor-element-populated\">\n\t\t\t\t\t\t\t\t<div class=\"elementor-element elementor-element-302b6d94 elementor-widget elementor-widget-heading\" data-id=\"302b6d94\" data-element_type=\"widget\" data-widget_type=\"heading.default\">\n\t\t\t\t<div class=\"elementor-widget-container\">\n\t\t\t<h5 class=\"elementor-heading-title elementor-size-default\">Qui\u00e9nes somos<\/h5>\t\t<\/div>\n\t\t\t\t<\/div>\n\t\t\t\t<div class=\"elementor-element elementor-element-15fc9050 elementor-widget elementor-widget-spacer\" data-id=\"15fc9050\" data-element_type=\"widget\" data-widget_type=\"spacer.default\">\n\t\t\t\t<div class=\"elementor-widget-container\">\n\t\t\t<style>\/*! elementor - v3.11.2 - 22-02-2023 *\/\n.elementor-column .elementor-spacer-inner{height:var(--spacer-size)}.e-con{--container-widget-width:100%}.e-con-inner>.elementor-widget-spacer,.e-con>.elementor-widget-spacer{width:var(--container-widget-width,var(--spacer-size));--align-self:var(--container-widget-align-self,initial);--flex-shrink:0}.e-con-inner>.elementor-widget-spacer>.elementor-widget-container,.e-con-inner>.elementor-widget-spacer>.elementor-widget-container>.elementor-spacer,.e-con>.elementor-widget-spacer>.elementor-widget-container,.e-con>.elementor-widget-spacer>.elementor-widget-container>.elementor-spacer{height:100%}.e-con-inner>.elementor-widget-spacer>.elementor-widget-container>.elementor-spacer>.elementor-spacer-inner,.e-con>.elementor-widget-spacer>.elementor-widget-container>.elementor-spacer>.elementor-spacer-inner{height:var(--container-widget-height,var(--spacer-size))}<\/style>\t\t<div class=\"elementor-spacer\">\n\t\t\t<div class=\"elementor-spacer-inner\"><\/div>\n\t\t<\/div>\n\t\t\t\t<\/div>\n\t\t\t\t<\/div>\n\t\t\t\t<div class=\"elementor-element elementor-element-6581087f elementor-widget elementor-widget-text-editor\" data-id=\"6581087f\" data-element_type=\"widget\" data-widget_type=\"text-editor.default\">\n\t\t\t\t<div class=\"elementor-widget-container\">\n\t\t\t\t\t\t\t<p>Somos una firma independiente de consultor\u00eda y finanzas, especializada en el dise\u00f1o y direcci\u00f3n de proyectos a gran escala en el \u00e1mbito de Energ\u00eda e Infraestructura, Sostenibilidad\/ESG, de Movilidad y Salud en Latinoam\u00e9rica.<\/p><p>Con un talento humano probado en distintos pa\u00edses de la regi\u00f3n y las alianzas estrat\u00e9gicas id\u00f3neas para resolver problemas, somos el mejor socio empresarial en las actividades sustantivas de nuestros clientes para fortalecer la continuidad de su negocio, tanto en \u00e1mbitos financieros como de involucramiento con su entorno socio-ambiental.<\/p>\t\t\t\t\t\t<\/div>\n\t\t\t\t<\/div>\n\t\t\t\t<div class=\"elementor-element elementor-element-3b49f6be elementor-widget elementor-widget-spacer\" data-id=\"3b49f6be\" data-element_type=\"widget\" data-widget_type=\"spacer.default\">\n\t\t\t\t<div class=\"elementor-widget-container\">\n\t\t\t\t\t<div class=\"elementor-spacer\">\n\t\t\t<div class=\"elementor-spacer-inner\"><\/div>\n\t\t<\/div>\n\t\t\t\t<\/div>\n\t\t\t\t<\/div>\n\t\t\t\t<div class=\"elementor-element elementor-element-6060cc4d elementor-widget elementor-widget-spacer\" data-id=\"6060cc4d\" data-element_type=\"widget\" data-widget_type=\"spacer.default\">\n\t\t\t\t<div class=\"elementor-widget-container\">\n\t\t\t\t\t<div class=\"elementor-spacer\">\n\t\t\t<div class=\"elementor-spacer-inner\"><\/div>\n\t\t<\/div>\n\t\t\t\t<\/div>\n\t\t\t\t<\/div>\n\t\t\t\t\t<\/div>\n\t\t<\/div>\n\t\t\t\t<div class=\"elementor-column elementor-col-50 elementor-top-column elementor-element elementor-element-5fce2d15\" data-id=\"5fce2d15\" data-element_type=\"column\">\n\t\t\t<div class=\"elementor-widget-wrap elementor-element-populated\">\n\t\t\t\t\t\t\t\t<div class=\"elementor-element elementor-element-4f9c9fa0 elementor-widget__width-initial elementor-absolute elementor-widget elementor-widget-image\" data-id=\"4f9c9fa0\" data-element_type=\"widget\" data-settings=\"{&quot;_position&quot;:&quot;absolute&quot;}\" data-widget_type=\"image.default\">\n\t\t\t\t<div class=\"elementor-widget-container\">\n\t\t\t\t\t\t\t\t\t\t\t\t\t\t\t<img width=\"150\" height=\"150\" src=\"https:\/\/latamfinance.com.mx\/wp-content\/uploads\/2023\/03\/dot-150x150.png\" class=\"attachment-thumbnail size-thumbnail wp-image-322\" alt=\"\" decoding=\"async\" loading=\"lazy\" srcset=\"https:\/\/latamfinance.com.mx\/wp-content\/uploads\/2023\/03\/dot-150x150.png 150w, https:\/\/latamfinance.com.mx\/wp-content\/uploads\/2023\/03\/dot-300x300.png 300w, https:\/\/latamfinance.com.mx\/wp-content\/uploads\/2023\/03\/dot-768x769.png 768w, https:\/\/latamfinance.com.mx\/wp-content\/uploads\/2023\/03\/dot.png 800w\" sizes=\"(max-width: 150px) 100vw, 150px\" \/>\t\t\t\t\t\t\t\t\t\t\t\t\t\t\t<\/div>\n\t\t\t\t<\/div>\n\t\t\t\t<div class=\"elementor-element elementor-element-2cd3c60b elementor-widget elementor-widget-image\" data-id=\"2cd3c60b\" data-element_type=\"widget\" data-widget_type=\"image.default\">\n\t\t\t\t<div class=\"elementor-widget-container\">\n\t\t\t\t\t\t\t\t\t\t\t\t\t\t\t<img decoding=\"async\" src=\"https:\/\/latamfinance.com.mx\/wp-content\/uploads\/elementor\/thumbs\/megocios-LAtam-q3ez0fayf54q1r52akr01f2vjto0aaojofals1tqeo.jpg\" title=\"megocios-LAtam\" alt=\"megocios-LAtam\" loading=\"lazy\" \/>\t\t\t\t\t\t\t\t\t\t\t\t\t\t\t<\/div>\n\t\t\t\t<\/div>\n\t\t\t\t<div class=\"elementor-element elementor-element-15df0b8c elementor-widget__width-initial elementor-absolute elementor-widget elementor-widget-image\" data-id=\"15df0b8c\" data-element_type=\"widget\" data-settings=\"{&quot;_position&quot;:&quot;absolute&quot;}\" data-widget_type=\"image.default\">\n\t\t\t\t<div class=\"elementor-widget-container\">\n\t\t\t\t\t\t\t\t\t\t\t\t\t\t\t<img decoding=\"async\" src=\"https:\/\/latamfinance.com.mx\/wp-content\/uploads\/elementor\/thumbs\/concepto-nueva-empresa-q3ezlgwvflxtzgkleo8av3wecdxumc878l3yl2mf3k.jpg\" title=\"concepto-nueva-empresa\" alt=\"concepto-nueva-empresa\" loading=\"lazy\" \/>\t\t\t\t\t\t\t\t\t\t\t\t\t\t\t<\/div>\n\t\t\t\t<\/div>\n\t\t\t\t\t<\/div>\n\t\t<\/div>\n\t\t\t\t\t\t\t<\/div>\n\t\t<\/section>\n\t\t\t\t\t\t\t<\/div>\n\t\t","protected":false},"excerpt":{"rendered":"<p>Inicio Qui\u00e9nes somos Nosotros Servicios Socios Estrat\u00e9gicos Contacto Qui\u00e9nes somos Qui\u00e9nes somos Somos una firma independiente de consultor\u00eda y finanzas, especializada en el dise\u00f1o y direcci\u00f3n de proyectos a gran escala en el \u00e1mbito de Energ\u00eda e Infraestructura, Sostenibilidad\/ESG, de Movilidad y Salud en Latinoam\u00e9rica. Con un talento humano probado en distintos pa\u00edses de la [&hellip;]<\/p>\n","protected":false},"author":1,"featured_media":0,"parent":0,"menu_order":0,"comment_status":"closed","ping_status":"closed","template":"elementor_canvas","meta":[],"_links":{"self":[{"href":"https:\/\/latamfinance.com.mx\/index.php?rest_route=\/wp\/v2\/pages\/53"}],"collection":[{"href":"https:\/\/latamfinance.com.mx\/index.php?rest_route=\/wp\/v2\/pages"}],"about":[{"href":"https:\/\/latamfinance.com.mx\/index.php?rest_route=\/wp\/v2\/types\/page"}],"author":[{"embeddable":true,"href":"https:\/\/latamfinance.com.mx\/index.php?rest_route=\/wp\/v2\/users\/1"}],"replies":[{"embeddable":true,"href":"https:\/\/latamfinance.com.mx\/index.php?rest_route=%2Fwp%2Fv2%2Fcomments&post=53"}],"version-history":[{"count":62,"href":"https:\/\/latamfinance.com.mx\/index.php?rest_route=\/wp\/v2\/pages\/53\/revisions"}],"predecessor-version":[{"id":588,"href":"https:\/\/latamfinance.com.mx\/index.php?rest_route=\/wp\/v2\/pages\/53\/revisions\/588"}],"wp:attachment":[{"href":"https:\/\/latamfinance.com.mx\/index.php?rest_route=%2Fwp%2Fv2%2Fmedia&parent=53"}],"curies":[{"name":"wp","href":"https:\/\/api.w.org\/{rel}","templated":true}]}}