{"id":55,"date":"2023-03-09T17:31:27","date_gmt":"2023-03-09T17:31:27","guid":{"rendered":"https:\/\/latamfinance.com.mx\/?page_id=55"},"modified":"2024-09-18T20:27:04","modified_gmt":"2024-09-18T20:27:04","slug":"servicios","status":"publish","type":"page","link":"https:\/\/latamfinance.com.mx\/?page_id=55","title":{"rendered":"Servicios"},"content":{"rendered":"\t\t<div data-elementor-type=\"wp-page\" data-elementor-id=\"55\" class=\"elementor elementor-55\">\n\t\t\t\t\t\t\t\t\t<section class=\"elementor-section elementor-top-section elementor-element elementor-element-3bab91e elementor-section-full_width elementor-section-height-default elementor-section-height-default\" data-id=\"3bab91e\" data-element_type=\"section\">\n\t\t\t\t\t\t<div class=\"elementor-container elementor-column-gap-no\">\n\t\t\t\t\t<div class=\"elementor-column elementor-col-33 elementor-top-column elementor-element elementor-element-4d4a6461\" data-id=\"4d4a6461\" data-element_type=\"column\" data-settings=\"{&quot;background_background&quot;:&quot;classic&quot;}\">\n\t\t\t<div class=\"elementor-widget-wrap elementor-element-populated\">\n\t\t\t\t\t\t\t\t<div class=\"elementor-element elementor-element-4eb2ceb3 elementor-widget elementor-widget-image\" data-id=\"4eb2ceb3\" data-element_type=\"widget\" data-widget_type=\"image.default\">\n\t\t\t\t<div class=\"elementor-widget-container\">\n\t\t\t<style>\/*! elementor - v3.11.2 - 22-02-2023 *\/\n.elementor-widget-image{text-align:center}.elementor-widget-image a{display:inline-block}.elementor-widget-image a img[src$=\".svg\"]{width:48px}.elementor-widget-image img{vertical-align:middle;display:inline-block}<\/style>\t\t\t\t\t\t\t\t\t\t\t\t<img width=\"800\" height=\"143\" src=\"https:\/\/latamfinance.com.mx\/wp-content\/uploads\/2023\/03\/logo-LATAM-1024x183.png\" class=\"attachment-large size-large wp-image-78\" alt=\"\" decoding=\"async\" loading=\"lazy\" srcset=\"https:\/\/latamfinance.com.mx\/wp-content\/uploads\/2023\/03\/logo-LATAM-1024x183.png 1024w, https:\/\/latamfinance.com.mx\/wp-content\/uploads\/2023\/03\/logo-LATAM-300x54.png 300w, https:\/\/latamfinance.com.mx\/wp-content\/uploads\/2023\/03\/logo-LATAM-768x137.png 768w, https:\/\/latamfinance.com.mx\/wp-content\/uploads\/2023\/03\/logo-LATAM.png 1052w\" sizes=\"(max-width: 800px) 100vw, 800px\" \/>\t\t\t\t\t\t\t\t\t\t\t\t\t\t\t<\/div>\n\t\t\t\t<\/div>\n\t\t\t\t\t<\/div>\n\t\t<\/div>\n\t\t\t\t<div class=\"elementor-column elementor-col-33 elementor-top-column elementor-element elementor-element-8e79126\" data-id=\"8e79126\" data-element_type=\"column\">\n\t\t\t<div class=\"elementor-widget-wrap elementor-element-populated\">\n\t\t\t\t\t\t\t\t<div class=\"elementor-element elementor-element-10c1c6cd elementor-widget elementor-widget-jkit_nav_menu\" data-id=\"10c1c6cd\" data-element_type=\"widget\" data-widget_type=\"jkit_nav_menu.default\">\n\t\t\t\t<div class=\"elementor-widget-container\">\n\t\t\t<div  class=\"jeg-elementor-kit jkit-nav-menu break-point-mobile submenu-click-title jeg_module___69e609df56314\"  data-item-indicator=\"&lt;i aria-hidden=&quot;true&quot; class=&quot;fas fa-angle-down&quot;&gt;&lt;\/i&gt;\"><button class=\"jkit-hamburger-menu\"><i aria-hidden=\"true\" class=\"fas fa-bars\"><\/i><\/button>\n        <div class=\"jkit-menu-wrapper\"><div class=\"jkit-menu-container\"><ul id=\"menu-main-menu\" class=\"jkit-menu jkit-menu-direction-flex jkit-submenu-position-top\"><li id=\"menu-item-70\" class=\"menu-item menu-item-type-post_type menu-item-object-page menu-item-home menu-item-70\"><a href=\"https:\/\/latamfinance.com.mx\/\">Inicio<\/a><\/li>\n<li id=\"menu-item-69\" class=\"menu-item menu-item-type-post_type menu-item-object-page menu-item-69\"><a href=\"https:\/\/latamfinance.com.mx\/?page_id=53\">Qui\u00e9nes somos<\/a><\/li>\n<li id=\"menu-item-585\" class=\"menu-item menu-item-type-post_type menu-item-object-page menu-item-585\"><a href=\"https:\/\/latamfinance.com.mx\/?page_id=578\">Nosotros<\/a><\/li>\n<li id=\"menu-item-68\" class=\"menu-item menu-item-type-post_type menu-item-object-page menu-item-68\"><a href=\"https:\/\/latamfinance.com.mx\/?page_id=55\">Servicios<\/a><\/li>\n<li id=\"menu-item-634\" class=\"menu-item menu-item-type-post_type menu-item-object-page menu-item-634\"><a href=\"https:\/\/latamfinance.com.mx\/?page_id=625\">Socios Estrat\u00e9gicos<\/a><\/li>\n<li id=\"menu-item-462\" class=\"menu-item menu-item-type-post_type menu-item-object-page menu-item-462\"><a href=\"https:\/\/latamfinance.com.mx\/?page_id=443\">Contacto<\/a><\/li>\n<\/ul><\/div>\n            <div class=\"jkit-nav-identity-panel\">\n                <div class=\"jkit-nav-site-title\"><a href=\"https:\/\/latamfinance.com.mx\" class=\"jkit-nav-logo\"><img decoding=\"async\" src=\"https:\/\/latamfinance.com.mx\/wp-content\/uploads\/2023\/03\/logo-LATAM-1024x183.png\" ><\/a><\/div>\n                <button class=\"jkit-close-menu\"><i aria-hidden=\"true\" class=\"fas fa-times\"><\/i><\/button>\n            <\/div>\n        <\/div>\n        <div class=\"jkit-overlay\"><\/div><\/div>\t\t<\/div>\n\t\t\t\t<\/div>\n\t\t\t\t\t<\/div>\n\t\t<\/div>\n\t\t\t\t<div class=\"elementor-column elementor-col-33 elementor-top-column elementor-element elementor-element-42b1f55c elementor-hidden-tablet elementor-hidden-phone\" data-id=\"42b1f55c\" data-element_type=\"column\">\n\t\t\t<div class=\"elementor-widget-wrap\">\n\t\t\t\t\t\t\t\t\t<\/div>\n\t\t<\/div>\n\t\t\t\t\t\t\t<\/div>\n\t\t<\/section>\n\t\t\t\t<section class=\"elementor-section elementor-top-section elementor-element elementor-element-7ad04a78 elementor-section-boxed elementor-section-height-default elementor-section-height-default\" data-id=\"7ad04a78\" data-element_type=\"section\" data-settings=\"{&quot;background_background&quot;:&quot;classic&quot;}\">\n\t\t\t\t\t\t\t<div class=\"elementor-background-overlay\"><\/div>\n\t\t\t\t\t\t\t<div class=\"elementor-container elementor-column-gap-default\">\n\t\t\t\t\t<div class=\"elementor-column elementor-col-100 elementor-top-column elementor-element elementor-element-79c02206 elementor-invisible\" data-id=\"79c02206\" data-element_type=\"column\" data-settings=\"{&quot;animation&quot;:&quot;fadeInRight&quot;}\">\n\t\t\t<div class=\"elementor-widget-wrap elementor-element-populated\">\n\t\t\t\t\t\t\t\t<div class=\"elementor-element elementor-element-3dcbee8 elementor-widget elementor-widget-heading\" data-id=\"3dcbee8\" data-element_type=\"widget\" data-widget_type=\"heading.default\">\n\t\t\t\t<div class=\"elementor-widget-container\">\n\t\t\t<style>\/*! elementor - v3.11.2 - 22-02-2023 *\/\n.elementor-heading-title{padding:0;margin:0;line-height:1}.elementor-widget-heading .elementor-heading-title[class*=elementor-size-]>a{color:inherit;font-size:inherit;line-height:inherit}.elementor-widget-heading .elementor-heading-title.elementor-size-small{font-size:15px}.elementor-widget-heading .elementor-heading-title.elementor-size-medium{font-size:19px}.elementor-widget-heading .elementor-heading-title.elementor-size-large{font-size:29px}.elementor-widget-heading .elementor-heading-title.elementor-size-xl{font-size:39px}.elementor-widget-heading .elementor-heading-title.elementor-size-xxl{font-size:59px}<\/style><h1 class=\"elementor-heading-title elementor-size-xxl\">Servicios<\/h1>\t\t<\/div>\n\t\t\t\t<\/div>\n\t\t\t\t<div class=\"elementor-element elementor-element-20b703b1 elementor-widget elementor-widget-text-editor\" data-id=\"20b703b1\" data-element_type=\"widget\" data-widget_type=\"text-editor.default\">\n\t\t\t\t<div class=\"elementor-widget-container\">\n\t\t\t<style>\/*! elementor - v3.11.2 - 22-02-2023 *\/\n.elementor-widget-text-editor.elementor-drop-cap-view-stacked .elementor-drop-cap{background-color:#818a91;color:#fff}.elementor-widget-text-editor.elementor-drop-cap-view-framed .elementor-drop-cap{color:#818a91;border:3px solid;background-color:transparent}.elementor-widget-text-editor:not(.elementor-drop-cap-view-default) .elementor-drop-cap{margin-top:8px}.elementor-widget-text-editor:not(.elementor-drop-cap-view-default) .elementor-drop-cap-letter{width:1em;height:1em}.elementor-widget-text-editor .elementor-drop-cap{float:left;text-align:center;line-height:1;font-size:50px}.elementor-widget-text-editor .elementor-drop-cap-letter{display:inline-block}<\/style>\t\t\t\t\t\t\t\t\t\t<\/div>\n\t\t\t\t<\/div>\n\t\t\t\t\t<\/div>\n\t\t<\/div>\n\t\t\t\t\t\t\t<\/div>\n\t\t<\/section>\n\t\t\t\t<section class=\"elementor-section elementor-top-section elementor-element elementor-element-562ad65f elementor-section-height-min-height elementor-section-boxed elementor-section-height-default elementor-section-items-middle\" data-id=\"562ad65f\" data-element_type=\"section\" data-settings=\"{&quot;background_background&quot;:&quot;classic&quot;}\">\n\t\t\t\t\t\t<div class=\"elementor-container elementor-column-gap-default\">\n\t\t\t\t\t<div class=\"elementor-column elementor-col-100 elementor-top-column elementor-element elementor-element-494d7799\" data-id=\"494d7799\" data-element_type=\"column\">\n\t\t\t<div class=\"elementor-widget-wrap elementor-element-populated\">\n\t\t\t\t\t\t\t\t<section class=\"elementor-section elementor-inner-section elementor-element elementor-element-5852cbb elementor-section-height-min-height animated-slow elementor-section-boxed elementor-section-height-default elementor-invisible\" data-id=\"5852cbb\" data-element_type=\"section\" data-settings=\"{&quot;animation&quot;:&quot;fadeIn&quot;}\">\n\t\t\t\t\t\t<div class=\"elementor-container elementor-column-gap-wide\">\n\t\t\t\t\t<div class=\"elementor-column elementor-col-100 elementor-inner-column elementor-element elementor-element-6d0aa17b\" data-id=\"6d0aa17b\" data-element_type=\"column\">\n\t\t\t<div class=\"elementor-widget-wrap elementor-element-populated\">\n\t\t\t\t\t\t\t\t<div class=\"elementor-element elementor-element-30da5a0e elementor-position-left elementor-vertical-align-middle envato-kit-140-imagebox-nospace elementor-widget elementor-widget-image-box\" data-id=\"30da5a0e\" data-element_type=\"widget\" data-widget_type=\"image-box.default\">\n\t\t\t\t<div class=\"elementor-widget-container\">\n\t\t\t<style>\/*! elementor - v3.11.2 - 22-02-2023 *\/\n.elementor-widget-image-box .elementor-image-box-content{width:100%}@media (min-width:768px){.elementor-widget-image-box.elementor-position-left .elementor-image-box-wrapper,.elementor-widget-image-box.elementor-position-right .elementor-image-box-wrapper{display:flex}.elementor-widget-image-box.elementor-position-right .elementor-image-box-wrapper{text-align:right;flex-direction:row-reverse}.elementor-widget-image-box.elementor-position-left .elementor-image-box-wrapper{text-align:left;flex-direction:row}.elementor-widget-image-box.elementor-position-top .elementor-image-box-img{margin:auto}.elementor-widget-image-box.elementor-vertical-align-top .elementor-image-box-wrapper{align-items:flex-start}.elementor-widget-image-box.elementor-vertical-align-middle .elementor-image-box-wrapper{align-items:center}.elementor-widget-image-box.elementor-vertical-align-bottom .elementor-image-box-wrapper{align-items:flex-end}}@media (max-width:767px){.elementor-widget-image-box .elementor-image-box-img{margin-left:auto!important;margin-right:auto!important;margin-bottom:15px}}.elementor-widget-image-box .elementor-image-box-img{display:inline-block}.elementor-widget-image-box .elementor-image-box-title a{color:inherit}.elementor-widget-image-box .elementor-image-box-wrapper{text-align:center}.elementor-widget-image-box .elementor-image-box-description{margin:0}<\/style><div class=\"elementor-image-box-wrapper\"><figure class=\"elementor-image-box-img\"><img decoding=\"async\" src=\"https:\/\/latamfinance.com.mx\/wp-content\/uploads\/elementor\/thumbs\/sostnibilidad-corporativa-q3bmrkas1x1dfksvof5yiihsbo2vffm5gmpt26rhdk.jpg\" title=\"sostnibilidad-corporativa\" alt=\"sostnibilidad-corporativa\" class=\"elementor-animation-bob\" loading=\"lazy\" \/><\/figure><div class=\"elementor-image-box-content\"><h1 class=\"elementor-image-box-title\">1. Sostenibilidad Corporativa<\/h1><p class=\"elementor-image-box-description\"><ul> \n<li> Generaci\u00f3n y puesta en marcha de estrategias del impacto ambiental, social y financiero\/gobernanza (ASG-ESG) \n<li> Identificaci\u00f3n de riesgos clim\u00e1ticos en la operaci\u00f3n del negocio \n<li> Formulaci\u00f3n de estrategias en reducci\u00f3n costos vinculados con iniciativas ASG-ESG \n<li>Planeaci\u00f3n, integraci\u00f3n y medici\u00f3n de impactos organizacionales vinculados con un actuar responsable hacia la sociedad. <\/p><\/div><\/div>\t\t<\/div>\n\t\t\t\t<\/div>\n\t\t\t\t<div class=\"elementor-element elementor-element-5cb343a elementor-position-left elementor-vertical-align-middle envato-kit-140-imagebox-nospace elementor-widget elementor-widget-image-box\" data-id=\"5cb343a\" data-element_type=\"widget\" data-widget_type=\"image-box.default\">\n\t\t\t\t<div class=\"elementor-widget-container\">\n\t\t\t<div class=\"elementor-image-box-wrapper\"><figure class=\"elementor-image-box-img\"><img decoding=\"async\" src=\"https:\/\/latamfinance.com.mx\/wp-content\/uploads\/elementor\/thumbs\/Analisis-de-energia-q3bn10kcrxz66f2mhi8wl4mnd5hqtv4zfevkscqyt4.jpg\" title=\"Analisis-de-energia\" alt=\"Analisis-de-energia\" class=\"elementor-animation-bob\" loading=\"lazy\" \/><\/figure><div class=\"elementor-image-box-content\"><h1 class=\"elementor-image-box-title\">2. Soluciones de Energ\u00eda e Infraestructura.<\/h1><p class=\"elementor-image-box-description\"><ul> \n<li>Evaluaci\u00f3n y estructuraci\u00f3n (legal, jur\u00eddica, t\u00e9cnica y fiscal) de proyectos de Energ\u00eda y Gran Infraestructura\n<li>Apoyo en el desarrollo de estudios de factibilidad de proyectos.\n<li>Acompa\u00f1amiento en la obtenci\u00f3n de permisos gubernamentales para la ejecuci\u00f3n de proyectos.\n<li>Socializaci\u00f3n de proyectos con comunidades involucradas en las \u00e1reas de influencia.\n<li>An\u00e1nlisis e implementaci\u00f3n de modelos de maximizaci\u00f3n de beneficios en el desarrollo y \/ u operaci\u00f3n de proyectos.<\/p><\/div><\/div>\t\t<\/div>\n\t\t\t\t<\/div>\n\t\t\t\t<div class=\"elementor-element elementor-element-c8cdaa5 elementor-position-left elementor-vertical-align-middle envato-kit-140-imagebox-nospace elementor-widget elementor-widget-image-box\" data-id=\"c8cdaa5\" data-element_type=\"widget\" data-widget_type=\"image-box.default\">\n\t\t\t\t<div class=\"elementor-widget-container\">\n\t\t\t<div class=\"elementor-image-box-wrapper\"><figure class=\"elementor-image-box-img\"><img decoding=\"async\" src=\"https:\/\/latamfinance.com.mx\/wp-content\/uploads\/elementor\/thumbs\/diverse-businesspeople-having-meeting-q3bn3s78wdrkd31wbpbcxfhibzunhs4j5411non8hk.jpg\" title=\"diverse-businesspeople-having-meeting\" alt=\"diverse-businesspeople-having-meeting\" class=\"elementor-animation-bob\" loading=\"lazy\" \/><\/figure><div class=\"elementor-image-box-content\"><h1 class=\"elementor-image-box-title\">3. Soluciones Socio Pol\u00edticas en Procesos Empresariales<\/h1><p class=\"elementor-image-box-description\"><ul> \n<li>Generaci\u00f3n de valor a las interacciones empresariales con gobiernos nacionales y \/ o locales, as\u00ed como con grupos de la sociedad civil.\n<li>Dise\u00f1o de estrategias de intervenci\u00f3n en procesos complejos vinculados a acciones gubernamentales, pol\u00edticas y\/o sociales\n<li>Gesti\u00f3n de medios de comunicaci\u00f3n con partes interesadas.<\/p><\/div><\/div>\t\t<\/div>\n\t\t\t\t<\/div>\n\t\t\t\t<div class=\"elementor-element elementor-element-de922a5 elementor-position-left elementor-vertical-align-middle envato-kit-140-imagebox-nospace elementor-widget elementor-widget-image-box\" data-id=\"de922a5\" data-element_type=\"widget\" data-widget_type=\"image-box.default\">\n\t\t\t\t<div class=\"elementor-widget-container\">\n\t\t\t<div class=\"elementor-image-box-wrapper\"><figure class=\"elementor-image-box-img\"><img decoding=\"async\" src=\"https:\/\/latamfinance.com.mx\/wp-content\/uploads\/elementor\/thumbs\/objetivos-exito-estrategia-negocio-q3bn7wpqw7evbh268hieve0c6vin9yi4dj3rhej16g.jpg\" title=\"objetivos-exito-estrategia-negocio\" alt=\"objetivos-exito-estrategia-negocio\" class=\"elementor-animation-bob\" loading=\"lazy\" \/><\/figure><div class=\"elementor-image-box-content\"><h1 class=\"elementor-image-box-title\">4. Identificaci\u00f3n y Gesti\u00f3n de Nuevos Mercados.<\/h1><p class=\"elementor-image-box-description\"><ul> \n<li>Realizaci\u00f3n de an\u00e1lisis de mercado regionales, nacionales y \/ o locales, para descubrir y\/o impulsar el posicionamiento o participaci\u00f3n de productos y servicios. \n<li>Apoyo a los procesos de introducci\u00f3n y consolidaci\u00f3n en mercados internacionales.<\/p><\/div><\/div>\t\t<\/div>\n\t\t\t\t<\/div>\n\t\t\t\t<div class=\"elementor-element elementor-element-49f4db8 elementor-position-left elementor-vertical-align-middle envato-kit-140-imagebox-nospace elementor-widget elementor-widget-image-box\" data-id=\"49f4db8\" data-element_type=\"widget\" data-widget_type=\"image-box.default\">\n\t\t\t\t<div class=\"elementor-widget-container\">\n\t\t\t<div class=\"elementor-image-box-wrapper\"><figure class=\"elementor-image-box-img\"><img decoding=\"async\" src=\"https:\/\/latamfinance.com.mx\/wp-content\/uploads\/elementor\/thumbs\/equipo-empresarios-apilando-manos-q3bnsja8vbne3f3jsehol6mhh9um6ue2jmhclzy0mw.jpg\" title=\"equipo-empresarios-apilando-manos\" alt=\"equipo-empresarios-apilando-manos\" class=\"elementor-animation-bob\" loading=\"lazy\" \/><\/figure><div class=\"elementor-image-box-content\"><h1 class=\"elementor-image-box-title\">5. Transformaci\u00f3n Organizacional<\/h1><p class=\"elementor-image-box-description\"><ul> \n<li>Acompa\u00f1amiento en los procesos de reinvenci\u00f3n organizacional. \n<li>Evaluaci\u00f3n, administraci\u00f3n y mitigaci\u00f3n de riesgos empresariales.\n<li>Acompa\u00f1amiento en la implementaci\u00f3n de estrateg\u00edas de Diversidad, Equidad e Inclusi\u00f3n (DEI)  tanto al interior de las empresas como hacia sus clientes y otros grupos de inter\u00e9s.\n<li>Asesoramos en todas las l\u00edneas de comunicaci\u00f3n e interacci\u00f3n de las organizaciones.<\/p><\/div><\/div>\t\t<\/div>\n\t\t\t\t<\/div>\n\t\t\t\t<div class=\"elementor-element elementor-element-55fb67d elementor-position-left elementor-vertical-align-middle envato-kit-140-imagebox-nospace elementor-widget elementor-widget-image-box\" data-id=\"55fb67d\" data-element_type=\"widget\" data-widget_type=\"image-box.default\">\n\t\t\t\t<div class=\"elementor-widget-container\">\n\t\t\t<div class=\"elementor-image-box-wrapper\"><figure class=\"elementor-image-box-img\"><img decoding=\"async\" src=\"https:\/\/latamfinance.com.mx\/wp-content\/uploads\/elementor\/thumbs\/Movilidad-latamfinance-qllp815xaj8y3973wtl5hnkcu13oipoe083tvtz5bs.jpg\" title=\"Movilidad-latamfinance\" alt=\"Movilidad-latamfinance\" class=\"elementor-animation-bob\" loading=\"lazy\" \/><\/figure><div class=\"elementor-image-box-content\"><h1 class=\"elementor-image-box-title\">6. Movilidad<\/h1><p class=\"elementor-image-box-description\"><ul> \n<li>Estudios de viabilidad por tipo de transporte, estaciones y terminales.\n<li> Planeaci\u00f3n estrat\u00e9gica de infraestructura para la integraci\u00f3n de transporte multimodal.\n<li>Dise\u00f1o de estrategias para movilidad urbana sostenible: integraci\u00f3n de planes sectoriales de tr\u00e1fico, estacionamiento, movilidad peatonal y ciclista.<\/p><\/div><\/div>\t\t<\/div>\n\t\t\t\t<\/div>\n\t\t\t\t<div class=\"elementor-element elementor-element-f5efa8e elementor-position-left elementor-vertical-align-middle envato-kit-140-imagebox-nospace elementor-widget elementor-widget-image-box\" data-id=\"f5efa8e\" data-element_type=\"widget\" data-widget_type=\"image-box.default\">\n\t\t\t\t<div class=\"elementor-widget-container\">\n\t\t\t<div class=\"elementor-image-box-wrapper\"><figure class=\"elementor-image-box-img\"><img decoding=\"async\" src=\"https:\/\/latamfinance.com.mx\/wp-content\/uploads\/elementor\/thumbs\/gestion-sanitaria-qub0hs6qwu7z9fgw7af9cwkvozulc5x5jow15k16ew.jpg\" title=\"gestion-sanitaria\" alt=\"gestion-sanitaria\" class=\"elementor-animation-bob\" loading=\"lazy\" \/><\/figure><div class=\"elementor-image-box-content\"><h1 class=\"elementor-image-box-title\">7. Gesti\u00f3n Sanitaria<\/h1><p class=\"elementor-image-box-description\"><ul> \n<li>An\u00e1lisis Farmacoecon\u00f3mico para la Optimizaci\u00f3n de Recursos.\n<li> Acompa\u00f1amiento especializado en Tr\u00e1mites y Autorizaciones Sanitarias.\n<li>Asesor\u00eda Integral en Procesos de Licitaci\u00f3n P\u00fablica.<\/p><\/div><\/div>\t\t<\/div>\n\t\t\t\t<\/div>\n\t\t\t\t\t<\/div>\n\t\t<\/div>\n\t\t\t\t\t\t\t<\/div>\n\t\t<\/section>\n\t\t\t\t\t<\/div>\n\t\t<\/div>\n\t\t\t\t\t\t\t<\/div>\n\t\t<\/section>\n\t\t\t\t\t\t\t<\/div>\n\t\t","protected":false},"excerpt":{"rendered":"<p>Inicio Qui\u00e9nes somos Nosotros Servicios Socios Estrat\u00e9gicos Contacto Servicios 1. Sostenibilidad Corporativa Generaci\u00f3n y puesta en marcha de estrategias del impacto ambiental, social y financiero\/gobernanza (ASG-ESG) Identificaci\u00f3n de riesgos clim\u00e1ticos en la operaci\u00f3n del negocio Formulaci\u00f3n de estrategias en reducci\u00f3n costos vinculados con iniciativas ASG-ESG Planeaci\u00f3n, integraci\u00f3n y medici\u00f3n de impactos organizacionales vinculados con un [&hellip;]<\/p>\n","protected":false},"author":1,"featured_media":0,"parent":0,"menu_order":0,"comment_status":"closed","ping_status":"closed","template":"elementor_canvas","meta":[],"_links":{"self":[{"href":"https:\/\/latamfinance.com.mx\/index.php?rest_route=\/wp\/v2\/pages\/55"}],"collection":[{"href":"https:\/\/latamfinance.com.mx\/index.php?rest_route=\/wp\/v2\/pages"}],"about":[{"href":"https:\/\/latamfinance.com.mx\/index.php?rest_route=\/wp\/v2\/types\/page"}],"author":[{"embeddable":true,"href":"https:\/\/latamfinance.com.mx\/index.php?rest_route=\/wp\/v2\/users\/1"}],"replies":[{"embeddable":true,"href":"https:\/\/latamfinance.com.mx\/index.php?rest_route=%2Fwp%2Fv2%2Fcomments&post=55"}],"version-history":[{"count":82,"href":"https:\/\/latamfinance.com.mx\/index.php?rest_route=\/wp\/v2\/pages\/55\/revisions"}],"predecessor-version":[{"id":658,"href":"https:\/\/latamfinance.com.mx\/index.php?rest_route=\/wp\/v2\/pages\/55\/revisions\/658"}],"wp:attachment":[{"href":"https:\/\/latamfinance.com.mx\/index.php?rest_route=%2Fwp%2Fv2%2Fmedia&parent=55"}],"curies":[{"name":"wp","href":"https:\/\/api.w.org\/{rel}","templated":true}]}}